{"id":2657,"date":"2019-09-17T15:20:51","date_gmt":"2019-09-17T12:20:51","guid":{"rendered":"https:\/\/vemarcoatings.com\/%ce%b1%cf%81%cf%87%ce%b9%ce%ba%ce%ae\/"},"modified":"2025-10-09T12:06:27","modified_gmt":"2025-10-09T09:06:27","slug":"homepage","status":"publish","type":"page","link":"https:\/\/vemarcoatings.com\/hu\/","title":{"rendered":"Homepage"},"content":{"rendered":"","protected":false},"excerpt":{"rendered":"","protected":false},"author":1,"featured_media":0,"parent":0,"menu_order":0,"comment_status":"closed","ping_status":"closed","template":"page-home.php","meta":{"_acf_changed":false,"inline_featured_image":false,"footnotes":""},"acf":[],"yoast_head":"<!-- This site is optimized with the Yoast SEO plugin v22.8 - https:\/\/yoast.com\/wordpress\/plugins\/seo\/ -->\n<title>Homepage | Vemar Yacht Coatings<\/title>\n<meta name=\"description\" content=\"Vemar Yacht Coatings \u2013 innovat\u00edv haj\u00f3bevonatok vil\u00e1gszerte. Teljes\u00edtm\u00e9ny, v\u00e9delem \u00e9s t\u00f6k\u00e9letess\u00e9g egyben.\" \/>\n<meta name=\"robots\" content=\"index, follow, max-snippet:-1, max-image-preview:large, max-video-preview:-1\" \/>\n<link rel=\"canonical\" href=\"https:\/\/vemarcoatings.com\/hu\/\" \/>\n<meta property=\"og:locale\" content=\"hu_HU\" \/>\n<meta property=\"og:type\" content=\"article\" \/>\n<meta property=\"og:title\" content=\"Homepage | Vemar Yacht Coatings\" \/>\n<meta property=\"og:description\" content=\"Vemar Yacht Coatings \u2013 innovat\u00edv haj\u00f3bevonatok vil\u00e1gszerte. Teljes\u00edtm\u00e9ny, v\u00e9delem \u00e9s t\u00f6k\u00e9letess\u00e9g egyben.\" \/>\n<meta property=\"og:url\" content=\"https:\/\/vemarcoatings.com\/hu\/\" \/>\n<meta property=\"og:site_name\" content=\"VEMAR\" \/>\n<meta property=\"article:modified_time\" content=\"2025-10-09T09:06:27+00:00\" \/>\n<meta property=\"og:image\" content=\"https:\/\/vemarcoatings.com\/wp-content\/uploads\/2025\/06\/SHARE_IMG_VEMAR.png\" \/>\n\t<meta property=\"og:image:width\" content=\"1200\" \/>\n\t<meta property=\"og:image:height\" content=\"628\" \/>\n\t<meta property=\"og:image:type\" content=\"image\/png\" \/>\n<meta name=\"twitter:card\" content=\"summary_large_image\" \/>\n<script type=\"application\/ld+json\" class=\"yoast-schema-graph\">{\"@context\":\"https:\/\/schema.org\",\"@graph\":[{\"@type\":\"WebPage\",\"@id\":\"https:\/\/vemarcoatings.com\/hu\/\",\"url\":\"https:\/\/vemarcoatings.com\/hu\/\",\"name\":\"Homepage | Vemar Yacht Coatings\",\"isPartOf\":{\"@id\":\"https:\/\/vemarcoatings.com\/hu\/#website\"},\"datePublished\":\"2019-09-17T12:20:51+00:00\",\"dateModified\":\"2025-10-09T09:06:27+00:00\",\"description\":\"Vemar Yacht Coatings \u2013 innovat\u00edv haj\u00f3bevonatok vil\u00e1gszerte. Teljes\u00edtm\u00e9ny, v\u00e9delem \u00e9s t\u00f6k\u00e9letess\u00e9g egyben.\",\"inLanguage\":\"hu\",\"potentialAction\":[{\"@type\":\"ReadAction\",\"target\":[\"https:\/\/vemarcoatings.com\/hu\/\"]}]},{\"@type\":\"WebSite\",\"@id\":\"https:\/\/vemarcoatings.com\/hu\/#website\",\"url\":\"https:\/\/vemarcoatings.com\/hu\/\",\"name\":\"VEMAR\",\"description\":\"\u03a0\u03ac\u03b8\u03bf\u03c2 \u03b3\u03b9\u03b1 \u03c4\u03bf \u03c7\u03c1\u03ce\u03bc\u03b1. \u0391\u03b3\u03ac\u03c0\u03b7 \u03b3\u03b9\u03b1 \u03c4\u03b7 \u03b8\u03ac\u03bb\u03b1\u03c3\u03c3\u03b1.\",\"publisher\":{\"@id\":\"https:\/\/vemarcoatings.com\/hu\/#organization\"},\"potentialAction\":[{\"@type\":\"SearchAction\",\"target\":{\"@type\":\"EntryPoint\",\"urlTemplate\":\"https:\/\/vemarcoatings.com\/hu\/?s={search_term_string}\"},\"query-input\":\"required name=search_term_string\"}],\"inLanguage\":\"hu\"},{\"@type\":\"Organization\",\"@id\":\"https:\/\/vemarcoatings.com\/hu\/#organization\",\"name\":\"VEMAR\",\"url\":\"https:\/\/vemarcoatings.com\/hu\/\",\"logo\":{\"@type\":\"ImageObject\",\"inLanguage\":\"hu\",\"@id\":\"https:\/\/vemarcoatings.com\/hu\/#\/schema\/logo\/image\/\",\"url\":\"https:\/\/vemarcoatings.com\/wp-content\/uploads\/2019\/09\/vemar-logo.svg\",\"contentUrl\":\"https:\/\/vemarcoatings.com\/wp-content\/uploads\/2019\/09\/vemar-logo.svg\",\"width\":1,\"height\":1,\"caption\":\"VEMAR\"},\"image\":{\"@id\":\"https:\/\/vemarcoatings.com\/hu\/#\/schema\/logo\/image\/\"}}]}<\/script>\n<!-- \/ Yoast SEO plugin. -->","yoast_head_json":{"title":"Homepage | Vemar Yacht Coatings","description":"Vemar Yacht Coatings \u2013 innovat\u00edv haj\u00f3bevonatok vil\u00e1gszerte. Teljes\u00edtm\u00e9ny, v\u00e9delem \u00e9s t\u00f6k\u00e9letess\u00e9g egyben.","robots":{"index":"index","follow":"follow","max-snippet":"max-snippet:-1","max-image-preview":"max-image-preview:large","max-video-preview":"max-video-preview:-1"},"canonical":"https:\/\/vemarcoatings.com\/hu\/","og_locale":"hu_HU","og_type":"article","og_title":"Homepage | Vemar Yacht Coatings","og_description":"Vemar Yacht Coatings \u2013 innovat\u00edv haj\u00f3bevonatok vil\u00e1gszerte. Teljes\u00edtm\u00e9ny, v\u00e9delem \u00e9s t\u00f6k\u00e9letess\u00e9g egyben.","og_url":"https:\/\/vemarcoatings.com\/hu\/","og_site_name":"VEMAR","article_modified_time":"2025-10-09T09:06:27+00:00","og_image":[{"width":1200,"height":628,"url":"https:\/\/vemarcoatings.com\/wp-content\/uploads\/2025\/06\/SHARE_IMG_VEMAR.png","type":"image\/png"}],"twitter_card":"summary_large_image","schema":{"@context":"https:\/\/schema.org","@graph":[{"@type":"WebPage","@id":"https:\/\/vemarcoatings.com\/hu\/","url":"https:\/\/vemarcoatings.com\/hu\/","name":"Homepage | Vemar Yacht Coatings","isPartOf":{"@id":"https:\/\/vemarcoatings.com\/hu\/#website"},"datePublished":"2019-09-17T12:20:51+00:00","dateModified":"2025-10-09T09:06:27+00:00","description":"Vemar Yacht Coatings \u2013 innovat\u00edv haj\u00f3bevonatok vil\u00e1gszerte. Teljes\u00edtm\u00e9ny, v\u00e9delem \u00e9s t\u00f6k\u00e9letess\u00e9g egyben.","inLanguage":"hu","potentialAction":[{"@type":"ReadAction","target":["https:\/\/vemarcoatings.com\/hu\/"]}]},{"@type":"WebSite","@id":"https:\/\/vemarcoatings.com\/hu\/#website","url":"https:\/\/vemarcoatings.com\/hu\/","name":"VEMAR","description":"\u03a0\u03ac\u03b8\u03bf\u03c2 \u03b3\u03b9\u03b1 \u03c4\u03bf \u03c7\u03c1\u03ce\u03bc\u03b1. \u0391\u03b3\u03ac\u03c0\u03b7 \u03b3\u03b9\u03b1 \u03c4\u03b7 \u03b8\u03ac\u03bb\u03b1\u03c3\u03c3\u03b1.","publisher":{"@id":"https:\/\/vemarcoatings.com\/hu\/#organization"},"potentialAction":[{"@type":"SearchAction","target":{"@type":"EntryPoint","urlTemplate":"https:\/\/vemarcoatings.com\/hu\/?s={search_term_string}"},"query-input":"required name=search_term_string"}],"inLanguage":"hu"},{"@type":"Organization","@id":"https:\/\/vemarcoatings.com\/hu\/#organization","name":"VEMAR","url":"https:\/\/vemarcoatings.com\/hu\/","logo":{"@type":"ImageObject","inLanguage":"hu","@id":"https:\/\/vemarcoatings.com\/hu\/#\/schema\/logo\/image\/","url":"https:\/\/vemarcoatings.com\/wp-content\/uploads\/2019\/09\/vemar-logo.svg","contentUrl":"https:\/\/vemarcoatings.com\/wp-content\/uploads\/2019\/09\/vemar-logo.svg","width":1,"height":1,"caption":"VEMAR"},"image":{"@id":"https:\/\/vemarcoatings.com\/hu\/#\/schema\/logo\/image\/"}}]}},"_links":{"self":[{"href":"https:\/\/vemarcoatings.com\/hu\/wp-json\/wp\/v2\/pages\/2657"}],"collection":[{"href":"https:\/\/vemarcoatings.com\/hu\/wp-json\/wp\/v2\/pages"}],"about":[{"href":"https:\/\/vemarcoatings.com\/hu\/wp-json\/wp\/v2\/types\/page"}],"author":[{"embeddable":true,"href":"https:\/\/vemarcoatings.com\/hu\/wp-json\/wp\/v2\/users\/1"}],"replies":[{"embeddable":true,"href":"https:\/\/vemarcoatings.com\/hu\/wp-json\/wp\/v2\/comments?post=2657"}],"version-history":[{"count":22,"href":"https:\/\/vemarcoatings.com\/hu\/wp-json\/wp\/v2\/pages\/2657\/revisions"}],"predecessor-version":[{"id":3554,"href":"https:\/\/vemarcoatings.com\/hu\/wp-json\/wp\/v2\/pages\/2657\/revisions\/3554"}],"wp:attachment":[{"href":"https:\/\/vemarcoatings.com\/hu\/wp-json\/wp\/v2\/media?parent=2657"}],"curies":[{"name":"wp","href":"https:\/\/api.w.org\/{rel}","templated":true}]}}