{"id":3288,"date":"2019-10-03T09:52:31","date_gmt":"2019-10-03T06:52:31","guid":{"rendered":"https:\/\/vemarcoatings.com\/contact\/"},"modified":"2025-10-09T12:03:51","modified_gmt":"2025-10-09T09:03:51","slug":"contact","status":"publish","type":"page","link":"https:\/\/vemarcoatings.com\/hu\/contact\/","title":{"rendered":"KAPCSOLAT"},"content":{"rendered":"","protected":false},"excerpt":{"rendered":"","protected":false},"author":1,"featured_media":0,"parent":0,"menu_order":0,"comment_status":"closed","ping_status":"closed","template":"page-contact.php","meta":{"_acf_changed":false,"inline_featured_image":false,"footnotes":""},"acf":[],"yoast_head":"<!-- This site is optimized with the Yoast SEO plugin v22.8 - https:\/\/yoast.com\/wordpress\/plugins\/seo\/ -->\n<title>Kapcsolat | Vemar Yacht Coatings<\/title>\n<meta name=\"description\" content=\"L\u00e9pjen kapcsolatba a Vemar Yacht Coatings csapat\u00e1val k\u00e9rd\u00e9seivel, t\u00e1mogat\u00e1s\u00e9rt vagy egy\u00fcttm\u0171k\u00f6d\u00e9s\u00e9rt. Sz\u00edvesen seg\u00edt\u00fcnk!\" \/>\n<meta name=\"robots\" content=\"index, follow, max-snippet:-1, max-image-preview:large, max-video-preview:-1\" \/>\n<link rel=\"canonical\" href=\"https:\/\/vemarcoatings.com\/hu\/contact\/\" \/>\n<meta property=\"og:locale\" content=\"hu_HU\" \/>\n<meta property=\"og:type\" content=\"article\" \/>\n<meta property=\"og:title\" content=\"Kapcsolat | Vemar Yacht Coatings\" \/>\n<meta property=\"og:description\" content=\"L\u00e9pjen kapcsolatba a Vemar Yacht Coatings csapat\u00e1val k\u00e9rd\u00e9seivel, t\u00e1mogat\u00e1s\u00e9rt vagy egy\u00fcttm\u0171k\u00f6d\u00e9s\u00e9rt. Sz\u00edvesen seg\u00edt\u00fcnk!\" \/>\n<meta property=\"og:url\" content=\"https:\/\/vemarcoatings.com\/hu\/contact\/\" \/>\n<meta property=\"og:site_name\" content=\"VEMAR\" \/>\n<meta property=\"article:modified_time\" content=\"2025-10-09T09:03:51+00:00\" \/>\n<meta name=\"twitter:card\" content=\"summary_large_image\" \/>\n<script type=\"application\/ld+json\" class=\"yoast-schema-graph\">{\"@context\":\"https:\/\/schema.org\",\"@graph\":[{\"@type\":\"WebPage\",\"@id\":\"https:\/\/vemarcoatings.com\/hu\/contact\/\",\"url\":\"https:\/\/vemarcoatings.com\/hu\/contact\/\",\"name\":\"Kapcsolat | Vemar Yacht Coatings\",\"isPartOf\":{\"@id\":\"https:\/\/vemarcoatings.com\/hu\/#website\"},\"datePublished\":\"2019-10-03T06:52:31+00:00\",\"dateModified\":\"2025-10-09T09:03:51+00:00\",\"description\":\"L\u00e9pjen kapcsolatba a Vemar Yacht Coatings csapat\u00e1val k\u00e9rd\u00e9seivel, t\u00e1mogat\u00e1s\u00e9rt vagy egy\u00fcttm\u0171k\u00f6d\u00e9s\u00e9rt. Sz\u00edvesen seg\u00edt\u00fcnk!\",\"inLanguage\":\"hu\",\"potentialAction\":[{\"@type\":\"ReadAction\",\"target\":[\"https:\/\/vemarcoatings.com\/hu\/contact\/\"]}]},{\"@type\":\"WebSite\",\"@id\":\"https:\/\/vemarcoatings.com\/hu\/#website\",\"url\":\"https:\/\/vemarcoatings.com\/hu\/\",\"name\":\"VEMAR\",\"description\":\"\u03a0\u03ac\u03b8\u03bf\u03c2 \u03b3\u03b9\u03b1 \u03c4\u03bf \u03c7\u03c1\u03ce\u03bc\u03b1. \u0391\u03b3\u03ac\u03c0\u03b7 \u03b3\u03b9\u03b1 \u03c4\u03b7 \u03b8\u03ac\u03bb\u03b1\u03c3\u03c3\u03b1.\",\"publisher\":{\"@id\":\"https:\/\/vemarcoatings.com\/hu\/#organization\"},\"potentialAction\":[{\"@type\":\"SearchAction\",\"target\":{\"@type\":\"EntryPoint\",\"urlTemplate\":\"https:\/\/vemarcoatings.com\/hu\/?s={search_term_string}\"},\"query-input\":\"required name=search_term_string\"}],\"inLanguage\":\"hu\"},{\"@type\":\"Organization\",\"@id\":\"https:\/\/vemarcoatings.com\/hu\/#organization\",\"name\":\"VEMAR\",\"url\":\"https:\/\/vemarcoatings.com\/hu\/\",\"logo\":{\"@type\":\"ImageObject\",\"inLanguage\":\"hu\",\"@id\":\"https:\/\/vemarcoatings.com\/hu\/#\/schema\/logo\/image\/\",\"url\":\"https:\/\/vemarcoatings.com\/wp-content\/uploads\/2019\/09\/vemar-logo.svg\",\"contentUrl\":\"https:\/\/vemarcoatings.com\/wp-content\/uploads\/2019\/09\/vemar-logo.svg\",\"width\":1,\"height\":1,\"caption\":\"VEMAR\"},\"image\":{\"@id\":\"https:\/\/vemarcoatings.com\/hu\/#\/schema\/logo\/image\/\"}}]}<\/script>\n<!-- \/ Yoast SEO plugin. -->","yoast_head_json":{"title":"Kapcsolat | Vemar Yacht Coatings","description":"L\u00e9pjen kapcsolatba a Vemar Yacht Coatings csapat\u00e1val k\u00e9rd\u00e9seivel, t\u00e1mogat\u00e1s\u00e9rt vagy egy\u00fcttm\u0171k\u00f6d\u00e9s\u00e9rt. Sz\u00edvesen seg\u00edt\u00fcnk!","robots":{"index":"index","follow":"follow","max-snippet":"max-snippet:-1","max-image-preview":"max-image-preview:large","max-video-preview":"max-video-preview:-1"},"canonical":"https:\/\/vemarcoatings.com\/hu\/contact\/","og_locale":"hu_HU","og_type":"article","og_title":"Kapcsolat | Vemar Yacht Coatings","og_description":"L\u00e9pjen kapcsolatba a Vemar Yacht Coatings csapat\u00e1val k\u00e9rd\u00e9seivel, t\u00e1mogat\u00e1s\u00e9rt vagy egy\u00fcttm\u0171k\u00f6d\u00e9s\u00e9rt. Sz\u00edvesen seg\u00edt\u00fcnk!","og_url":"https:\/\/vemarcoatings.com\/hu\/contact\/","og_site_name":"VEMAR","article_modified_time":"2025-10-09T09:03:51+00:00","twitter_card":"summary_large_image","schema":{"@context":"https:\/\/schema.org","@graph":[{"@type":"WebPage","@id":"https:\/\/vemarcoatings.com\/hu\/contact\/","url":"https:\/\/vemarcoatings.com\/hu\/contact\/","name":"Kapcsolat | Vemar Yacht Coatings","isPartOf":{"@id":"https:\/\/vemarcoatings.com\/hu\/#website"},"datePublished":"2019-10-03T06:52:31+00:00","dateModified":"2025-10-09T09:03:51+00:00","description":"L\u00e9pjen kapcsolatba a Vemar Yacht Coatings csapat\u00e1val k\u00e9rd\u00e9seivel, t\u00e1mogat\u00e1s\u00e9rt vagy egy\u00fcttm\u0171k\u00f6d\u00e9s\u00e9rt. Sz\u00edvesen seg\u00edt\u00fcnk!","inLanguage":"hu","potentialAction":[{"@type":"ReadAction","target":["https:\/\/vemarcoatings.com\/hu\/contact\/"]}]},{"@type":"WebSite","@id":"https:\/\/vemarcoatings.com\/hu\/#website","url":"https:\/\/vemarcoatings.com\/hu\/","name":"VEMAR","description":"\u03a0\u03ac\u03b8\u03bf\u03c2 \u03b3\u03b9\u03b1 \u03c4\u03bf \u03c7\u03c1\u03ce\u03bc\u03b1. \u0391\u03b3\u03ac\u03c0\u03b7 \u03b3\u03b9\u03b1 \u03c4\u03b7 \u03b8\u03ac\u03bb\u03b1\u03c3\u03c3\u03b1.","publisher":{"@id":"https:\/\/vemarcoatings.com\/hu\/#organization"},"potentialAction":[{"@type":"SearchAction","target":{"@type":"EntryPoint","urlTemplate":"https:\/\/vemarcoatings.com\/hu\/?s={search_term_string}"},"query-input":"required name=search_term_string"}],"inLanguage":"hu"},{"@type":"Organization","@id":"https:\/\/vemarcoatings.com\/hu\/#organization","name":"VEMAR","url":"https:\/\/vemarcoatings.com\/hu\/","logo":{"@type":"ImageObject","inLanguage":"hu","@id":"https:\/\/vemarcoatings.com\/hu\/#\/schema\/logo\/image\/","url":"https:\/\/vemarcoatings.com\/wp-content\/uploads\/2019\/09\/vemar-logo.svg","contentUrl":"https:\/\/vemarcoatings.com\/wp-content\/uploads\/2019\/09\/vemar-logo.svg","width":1,"height":1,"caption":"VEMAR"},"image":{"@id":"https:\/\/vemarcoatings.com\/hu\/#\/schema\/logo\/image\/"}}]}},"_links":{"self":[{"href":"https:\/\/vemarcoatings.com\/hu\/wp-json\/wp\/v2\/pages\/3288"}],"collection":[{"href":"https:\/\/vemarcoatings.com\/hu\/wp-json\/wp\/v2\/pages"}],"about":[{"href":"https:\/\/vemarcoatings.com\/hu\/wp-json\/wp\/v2\/types\/page"}],"author":[{"embeddable":true,"href":"https:\/\/vemarcoatings.com\/hu\/wp-json\/wp\/v2\/users\/1"}],"replies":[{"embeddable":true,"href":"https:\/\/vemarcoatings.com\/hu\/wp-json\/wp\/v2\/comments?post=3288"}],"version-history":[{"count":2,"href":"https:\/\/vemarcoatings.com\/hu\/wp-json\/wp\/v2\/pages\/3288\/revisions"}],"predecessor-version":[{"id":3291,"href":"https:\/\/vemarcoatings.com\/hu\/wp-json\/wp\/v2\/pages\/3288\/revisions\/3291"}],"wp:attachment":[{"href":"https:\/\/vemarcoatings.com\/hu\/wp-json\/wp\/v2\/media?parent=3288"}],"curies":[{"name":"wp","href":"https:\/\/api.w.org\/{rel}","templated":true}]}}